{"id":9520,"date":"2020-03-29T22:35:19","date_gmt":"2020-03-29T20:35:19","guid":{"rendered":"https:\/\/marceta.hr\/?page_id=9520"},"modified":"2022-04-15T14:58:44","modified_gmt":"2022-04-15T12:58:44","slug":"uvjeti-prodaje","status":"publish","type":"page","link":"https:\/\/marceta.hr\/en\/uvjeti-prodaje\/","title":{"rendered":"Uvjeti prodaje"},"content":{"rendered":"<div class=\"fusion-fullwidth fullwidth-box fusion-builder-row-1 nonhundred-percent-fullwidth non-hundred-percent-height-scrolling\" style=\"--awb-border-radius-top-left:0px;--awb-border-radius-top-right:0px;--awb-border-radius-bottom-right:0px;--awb-border-radius-bottom-left:0px;--awb-padding-top:15px;--awb-padding-right:15px;--awb-padding-bottom:15px;--awb-padding-left:15px;--awb-flex-wrap:wrap;\" ><div class=\"fusion-builder-row fusion-row\"><div class=\"fusion-layout-column fusion_builder_column fusion-builder-column-0 fusion_builder_column_1_6 1_6 fusion-one-sixth fusion-column-first\" style=\"--awb-bg-size:cover;width:16.666666666667%;width:calc(16.666666666667% - ( ( 4% + 4% ) * 0.16666666666667 ) );margin-right: 4%;\"><div class=\"fusion-column-wrapper fusion-column-has-shadow fusion-flex-column-wrapper-legacy\"><div class=\"fusion-clearfix\"><\/div><\/div><\/div><div class=\"fusion-layout-column fusion_builder_column fusion-builder-column-1 fusion_builder_column_2_3 2_3 fusion-two-third\" style=\"--awb-bg-size:cover;--awb-margin-top:0px;--awb-margin-bottom:0px;width:66.666666666667%;width:calc(66.666666666667% - ( ( 4% + 4% ) * 0.66666666666667 ) );margin-right: 4%;\"><div class=\"fusion-column-wrapper fusion-flex-column-wrapper-legacy\"><div class=\"fusion-sep-clear\"><\/div><div class=\"fusion-separator fusion-no-small-visibility fusion-no-medium-visibility fusion-full-width-sep\" style=\"margin-left: auto;margin-right: auto;margin-top:60px;width:100%;\"><\/div><div class=\"fusion-sep-clear\"><\/div><div class=\"fusion-title title fusion-title-1 fusion-sep-none fusion-title-text fusion-title-size-two\" style=\"--awb-font-size:50px;\"><h2 class=\"fusion-title-heading title-heading-left fusion-responsive-typography-calculated\" style=\"margin:0;font-size:1em;--fontSize:50;line-height:1;\">UVJETI PRODAJE<\/h2><\/div><div class=\"fusion-sep-clear\"><\/div><div class=\"fusion-separator fusion-full-width-sep\" style=\"margin-left: auto;margin-right: auto;margin-top:30px;margin-bottom:20px;width:100%;\"><\/div><div class=\"fusion-sep-clear\"><\/div><div class=\"fusion-text fusion-text-1\"><p style=\"text-align: justify;\"><b>OP\u0106I UVJETI<\/b><\/p>\n<p style=\"text-align: justify;\">Internetsku prodaju na web-stranici\u00a0www.marceta.hr\u00a0obavlja Mar\u010deta obrt za poljopriverdu, vinarstvo i turizam Valbandon Pineta, I ogranak 2, 52212 FA\u017dANA Osobni identifikacijski broj trgova\u010dkog dru\u0161tva je (OIB): 80786016674<\/p>\n<p style=\"text-align: justify;\">Ovim se uvjetima utvr\u0111uje postupak naru\u010divanja, pla\u0107anja te reklamacije proizvoda koji su ponu\u0111eni na ovim stranicama. Internetske stranice firme Mar\u010deta obrt za poljopriverdu, vinarstvo i turizam mogu se koristiti za Va\u0161u privatnu upotrebu bez ikakvih naknada za kori\u0161tenje, a prema slijede\u0107im uvjetima i pravilima.<\/p>\n<p style=\"text-align: justify;\">Prodava\u010d je trgova\u010dko dru\u0161tvo Mar\u010deta obrt za poljopriverdu, vinarstvo i turizam, a Kupac je posjetitelj ovih stranica koji popuni elektronsku narud\u017ebu, po\u0161alje je prodavatelju te izvr\u0161i pla\u0107anje putem kartica: Visa, MasterCard, Maestro ili pouze\u0107em (prilikom preuzimanja po\u0161iljke iznos ra\u010duna pla\u0107ate u gotovini djelatniku Hrvatske Po\u0161te).<\/p>\n<p style=\"text-align: justify;\">Poduze\u0107e Mar\u010deta obrt za poljopriverdu, vinarstvo i turizam zadr\u017eava pravo na izmjenu ovih uvjeta i pravila. Sve promjene primjenjivati \u0107e se na kori\u0161tenje internetskih stranica\u00a0marceta.hr. Kupac snosi odgovornost za to\u010dnost i potpunost unesenih podataka prilikom kupnje. Usluge koje Vam pru\u017ea\u00a0marceta.hr. Internet prodavaonica ne uklju\u010duje tro\u0161kove koje snosite koriste\u0107i ra\u010dunalnu opremu i usluge za pristup na\u0161im stranicama. Poduze\u0107e Mar\u010deta obrt za poljopriverdu,vinarstvo i turizam nije odgovoran za tro\u0161kove telefona, Internet prometa ili bilo koje druge tro\u0161kove do kojih mo\u017ee do\u0107i.<\/p>\n<p style=\"text-align: justify;\"><b>NARU\u010cIVANJE<\/b><br \/>\nKupac naru\u010duje proizvod ili proizvode putem elektronskog obrasca narud\u017ebe. Kupcem se smatra svaka osoba koja elektronski naru\u010di barem jedan proizvod, popuni tra\u017eene podatke i po\u0161alje narud\u017ebu.\u00a0Sve cijene izra\u017eene su u Hrvatskoj nacionalnoj valuti, hrvatska kuna (kn), s PDV-om.<\/p>\n<p style=\"text-align: justify;\">Roba se naru\u010duje elektronskim oblikom, pritiskom na odre\u0111eni proizvod te spremanjem istog u ko\u0161aricu. Roba se smatra naru\u010denom u trenutku kada kupac odabere te potvrdi na\u010din pla\u0107anja.<\/p>\n<p style=\"text-align: justify;\"><b>NA\u010cIN PLA\u0106ANJA:<\/b><\/p>\n<p style=\"text-align: justify;\">Kreditnim karticama Visa, MasterCard i Maestro jednokratno.<\/p>\n<p style=\"text-align: justify;\"><b>PONI\u0160TAVANJE NARUD\u017dBE OD STRANE<\/b>\u00a0Mar\u010deta obrt za poljopriverdu, vinarstvo i turizam<\/p>\n<p style=\"text-align: justify;\">Zadr\u017eavamo pravo da iznimno (djelomi\u010dno ili u cijelosti) odustanemo od izvr\u0161enja narud\u017ebe u slu\u010dajevima:<\/p>\n<ul style=\"text-align: justify;\">\n<li style=\"list-style-type: none;\">\n<ul>\n<li>Kada na zalihama ponestane naru\u010denih proizvoda<\/li>\n<li>Kada je do\u0161lo do o\u010dite pogre\u0161ke u cjeniku<\/li>\n<li>Ako narud\u017ebenica nije bila ispunjena u skladu s op\u0107im uvjetima ili<\/li>\n<li>Ako kod kupca utvrdimo pove\u0107ani rizik nepla\u0107anja.<\/li>\n<\/ul>\n<\/li>\n<\/ul>\n<p style=\"text-align: justify;\">U svim tim i sli\u010dnim slu\u010dajevima, nakon \u0161to smo utvrdili nepravilnost, odmah \u0107emo Vas obavijestiti telefonski ili e-mailom o mogu\u0107em odstupanju od ugovora s na\u0161e strane.<\/p>\n<p style=\"text-align: justify;\"><b>OTKAZIVANJE ILI MIJENJANJE NARUD\u017dBE OD STRANE KUPCA<\/b><br \/>\nNarud\u017ebu mo\u017eete otkazati ili promijeniti njene detalje bez naknade, ako Vam roba jo\u0161 nije otpremljena sa skladi\u0161ta.<\/p>\n<p style=\"text-align: justify;\"><b>ISPORUKA<\/b><br \/>\nIsporuku vr\u0161imo na podru\u010dju Republike Hrvatske i zemlje eu. Dostavu dostupnih proizvoda obavlja \u00a0DPD. Naru\u010deni proizvodi biti \u0107e dostavljeni prema uobi\u010dajenim uvjetima i pravilima slu\u017ebe prijevoznika.<\/p>\n<p style=\"text-align: justify;\">Tro\u0161kovi dostave su navedeni u pregledu ko\u0161arice prije izvr\u0161enja pla\u0107anja.\u00a0Naru\u010dene proizvode mo\u017eete preuzeti i osobnim dolaskom u na\u0161a skladi\u0161ta u Valbandon Pineta, I ogranak 2, 52212 FA\u017dANA<\/p>\n<p style=\"text-align: justify;\">Robu dostavljamo iz zalihe (za Hrvatsku predvi\u0111amo unutar 2 \u2013 dva radna dana).<\/p>\n<p style=\"text-align: justify;\">Naru\u010deni proizvodi pakiraju se na na\u010din da tijekom uobi\u010dajene manipulacije ne budu o\u0161te\u0107eni. Prilikom preuzimanja kupac je du\u017ean provjeriti stanje po\u0161iljke te u slu\u010daju o\u0161te\u0107enja odmah obavijestiti Prodava\u010da. Prodava\u010d se odri\u010de svake odgovornosti u vezi o\u0161te\u0107enja koja mogu nastati tijekom dostave.\u00a0Ako kupac ne primi robu ili obavijest o isporuci, nakon \u0161to je poslana, u o\u010dekivanom vremenu, Kupac ima pravo o tome obavijestiti prodava\u010da kako bi se poduzele radnje pronalaska po\u0161iljke ili kako bi se poslala zamjenska po\u0161iljka.<\/p>\n<p style=\"text-align: justify;\">Ako Kupac odbije primiti robu koju je naru\u010dio, Prodava\u010d ima pravo tra\u017eiti od kupca nadoknadu svih tro\u0161kova koji su vezani za isporuku.\u00a0Prodava\u010d se obvezuje poslati po\u0161iljku Kupcu onoga trenutka kada zaprimi potvrdu kojom se odobrava on line transakcija. Nakon zaprimanja te potvrde Prodava\u010d se obvezuje poslati po\u0161iljku u roku od 5 (pet) radnih dana.<\/p>\n<p style=\"text-align: justify;\">Nakon \u0161to dostavlja\u010d (tvrtka koja vr\u0161i dostavu) zaprimi po\u0161iljku od strane Prodava\u010da, Prodava\u010d vi\u0161e nije odgovoran za daljnji tijek isporuke i eventualna ka\u0161njenja te probleme koji mogu nastati u vezi daljnje manipulacije i isporuke robe.<\/p>\n<p style=\"text-align: justify;\"><b>UVJETI REKLAMACIJE<\/b><br \/>\nReklamacije se uva\u017eavaju u roku od 15 dana po prijemu robe i mogu\u0107e su u slijede\u0107im slu\u010dajevima:<\/p>\n<ul style=\"text-align: justify;\">\n<li style=\"list-style-type: none;\">\n<ul>\n<li>Prilikom dostave krivo isporu\u010denih proizvoda<\/li>\n<li>Prilikom dostave proizvoda koji su o\u0161te\u0107eni, a o\u0161te\u0107enje nije posljedica lo\u0161e manipulacije u po\u0161tanskom transportu<\/li>\n<li>Uz prilo\u017eeni originalni ra\u010dun<\/li>\n<li>Ako su proizvodi u originalnoj ambala\u017ei.<\/li>\n<\/ul>\n<\/li>\n<\/ul>\n<p style=\"text-align: justify;\">Kupac ima obvezu pridr\u017eavati se uputa za \u010duvanje otisnutih na etiketi i \u010duvati proizvode koje prima kao dobar gospodar.<\/p>\n<p style=\"text-align: justify;\"><b>\u00a0POVRAT NEISPRAVNE ROBE<\/b><br \/>\nUkoliko Kupac reklamirane proizvode \u0161alje po\u0161tom ili kurirskom slu\u017ebom (s time da vrijedi pe\u010dat po\u0161te) adresa za slanje je:<\/p>\n<p style=\"text-align: justify;\">Mar\u010deta obrt za poljopriverdu,vinarstvo i turizam<\/p>\n<p style=\"text-align: justify;\">Valbandon Pineta, I ogranak 2<\/p>\n<p style=\"text-align: justify;\">52212 FA\u017dANA<\/p>\n<p style=\"text-align: justify;\">Kupac reklamaciju mo\u017ee prijaviti putem e-mail adrese:\u00a0<a href=\"mailto:info@marceta.hr\">info@marceta.hr<\/a>.<\/p>\n<p style=\"text-align: justify;\">Ako su rok i uvjeti u skladu s gore navedenim, reklamiranu robu Kupac \u0161alje na svoj tro\u0161ak, a Prodava\u010d snosi tro\u0161ak slanja ispravne robe prema Kupcu u roku od 10 dana.<\/p>\n<p style=\"text-align: justify;\"><b>PRITU\u017dBE<\/b><br \/>\nU skladu s \u010dl. 8. Zakona o za\u0161titi potro\u0161a\u010da, s obzirom na kvalitetu na\u0161ih usluga, Kupac mo\u017ee podnijeti prigovor u pisanom obliku na adresu:<\/p>\n<p style=\"text-align: justify;\">Mar\u010deta obrt za poljopriverdu, vinarstvo i turizam<\/p>\n<p style=\"text-align: justify;\">Valbandon Pineta, I ogranak 2<\/p>\n<p style=\"text-align: justify;\">52212 FA\u017dANA<\/p>\n<p style=\"text-align: justify;\">HRVATSKA<\/p>\n<p style=\"text-align: justify;\">Ili na\u00a0e-mail: <a href=\"mailto:info@marceta.hr\">info@marceta.hr<\/a><\/p>\n<p style=\"text-align: justify;\">Pritu\u017eba mora sadr\u017eavati: ime, prezime, adresu i e-mail adresu za odgovor. Mi \u0107emo odgovoriti na va\u0161 pismeni prigovor u roku od 7 dana od dana primitka prigovora.<\/p>\n<p style=\"text-align: justify;\"><b>JEDNOSTRANI RASKID UGOVORA<\/b><\/p>\n<p style=\"text-align: justify;\">Kupac ima pravo, ne navode\u0107i razloge za to, jednostrano raskinuti ugovor sklopljen izvan poslovnih prostorija ili sklopljen na daljinu u roku od 14 dana.<\/p>\n<p style=\"text-align: justify;\">U slu\u010daju sklapanja ugovora o kupoprodaji, rok od 14 dana zapo\u010dinje te\u0107i od dana kada je potro\u0161a\u010du ili tre\u0107oj osobi odre\u0111enoj od strane kupca, a koja nije prijevoznik, roba koja \u010dini predmet ugovora predana u posjed.<\/p>\n<p style=\"text-align: justify;\">Ako je jednom narud\u017ebom kupac naru\u010dio vi\u0161e komada robe koji trebaju biti isporu\u010deni odvojeno, odnosno ako je rije\u010d o robi koja se dostavlja u vi\u0161e komada ili vi\u0161e po\u0161iljki, rok od 14 dana zapo\u010dinje te\u0107i od dana kada je kupcu ili tre\u0107oj osobi odre\u0111enoj od strane kupca, a koja nije prijevoznik, predan u posjed zadnji komad ili zadnja po\u0161iljka robe.<\/p>\n<p style=\"text-align: justify;\">Ako je ugovorena redovita isporuka robe kroz odre\u0111eni period, rok od 14 dana zapo\u010dinje te\u0107i od dana kada je kupcu ili tre\u0107oj osobi odre\u0111enoj od strane kupca, a koja nije prijevoznik, predan u posjed prvi komad ili prva po\u0161iljka robe.<\/p>\n<p style=\"text-align: justify;\">Da biste mogli ostvariti pravo na jednostrani raskid ovoga Ugovora, morate nas obavijestiti o svojoj odluci o jednostranom raskidu ugovora prije isteka roka i to nedvosmislenom izjavom poslanom po\u0161tom, telefaksom ili elektroni\u010dkom po\u0161tom, u kojoj \u0107ete navesti svoje ime i prezime, adresu, broj telefona, telefaksa ili adresu elektroni\u010dke po\u0161te, a mo\u017eete koristiti i prilo\u017eeni primjer obrasca za jednostrani raskid ugovora.<\/p>\n<p style=\"text-align: justify;\"><a href=\"https:\/\/marceta.hr\/wp-content\/uploads\/2022\/04\/Obrazac_raskid_ugovora.docx\"><strong><span style=\"text-decoration: underline; color: #ff0000;\"><span style=\"color: #3366ff; text-decoration: underline;\">Preuzmite_Obrazac<\/span><\/span><\/strong><\/a><\/p>\n<p style=\"text-align: justify;\">Primjerak obrasca za jednostrani raskid ugovora koji se nalazi na na\u0161oj mre\u017enoj stranici mo\u017eete elektroni\u010dki ispuniti i poslati. Potvrdu primitka obavijesti o jednostranom raskidu ugovora dostavit \u0107emo Vam, bez odga\u0111anja, elektroni\u010dkom po\u0161tom.<\/p>\n<p style=\"text-align: justify;\">Ako jednostrano raskinete Ugovor, izvr\u0161it \u0107emo povrat novca koji smo od Vas primili, uklju\u010duju\u0107i i tro\u0161kove isporuke najkasnije u roku od 14 dana od dana kada smo zaprimili Va\u0161u odluku o jednostranom raskidu ugovora.<\/p>\n<p style=\"text-align: justify;\">Povrat novca bit \u0107e izvr\u0161en na isti na\u010din na koji ste izvr\u0161ili uplatu, odnosno na bankovni ra\u010dun kada ste izvr\u0161ili uplatu prilikom preuzimanja.<\/p>\n<p style=\"text-align: justify;\">Povrat novca mo\u017eemo izvr\u0161iti tek nakon \u0161to nam roba bude vra\u0107ena ili nakon \u0161to nam dostavite dokaz da ste nam robu poslali nazad.<\/p>\n<p style=\"text-align: justify;\">Kupac mora izvr\u0161iti povrat robe bez odga\u0111anja, a najkasnije u roku od 14 dana od kada nas je, sukladno \u010dlanku 74. Zakona o za\u0161titi potro\u0161a\u010da, obavijestio o svojoj odluci da raskine ugovor.<\/p>\n<p style=\"text-align: left;\">Smatra se da ste izvr\u0161ili svoju obvezu na vrijeme ako prije isteka naprijed navedenog roka po\u0161aljete ili predate robu nama, odnosno osobi koju smo ovlastili za primanje robe. Izravne tro\u0161kove povrata robe kupac snosi sam sukladno \u010dlanku 77. stavak 3. Zakona o za\u0161titi potro\u0161a\u010da.<\/p>\n<p style=\"text-align: justify;\"><b>ISKLJU\u010cENJE PRAVA NA JEDNOSTRANI RASKID UGOVORA<\/b><\/p>\n<p style=\"text-align: justify;\">Kupac nema pravo na jednostrani raskid ugovora ako je:<\/p>\n<ul style=\"text-align: justify;\">\n<li>predmet ugovora roba ili usluga \u010dija je cijena ovisna o promjenama na financijskom tr\u017ei\u0161tu koje su izvan utjecaja trgovca, a koje se mogu pojaviti za vrijeme trajanja prava kupca na jednostrani raskid ugovora<\/li>\n<li>predmet ugovora roba koja je izra\u0111ena po specifikaciji kupca ili koja je jasno prilago\u0111ena kupcu<\/li>\n<li>predmet ugovora lako pokvarljiva roba ili roba kojoj brzo istje\u010de rok uporabe<\/li>\n<li>predmet ugovora zape\u010da\u0107ena roba koja zbog zdravstvenih ili higijenskih razloga nije pogodna za vra\u0107anje, ako je bila otpe\u010da\u0107ena nakon dostave<\/li>\n<li>predmet ugovora roba koja je zbog svoje prirode nakon dostave nerazdvojivo pomije\u0161ana s drugim stvarima<\/li>\n<li>predmet ugovora isporuka alkoholnih pi\u0107a \u010dija je cijena ugovorena u trenutku sklapanja ugovora, a dostava mo\u017ee uslijediti tek nakon 30 dana, ako je cijena ovisna o promjenama na tr\u017ei\u0161tu koje su izvan utjecaja trgovca<\/li>\n<\/ul>\n<p style=\"text-align: justify;\"><b>RJE\u0160AVANJE POTRO\u0160A\u010cKIH SPOROVA<\/b><\/p>\n<p style=\"text-align: justify;\">Na ove Op\u0107e uvjete i ugovore primjenjuje se hrvatsko pravo.<\/p>\n<p style=\"text-align: justify;\">U slu\u010daju nastanka spora voljni smo svaki spor rije\u0161iti mirnim putem sporazumno. Tako\u0111er vas obavje\u0161tavamo o va\u0161em pravu da koristite mehanizme izvansudskog rje\u0161avanja potro\u0161a\u010dkih sporova pravom pokretanja postupka izvansudskog rje\u0161avanja spora podno\u0161enjem prijave Sudu \u010dasti Hrvatske gospodarske Komore, i\/ili podno\u0161enjem prijedloga za mirenje Centru za mirenje pri Hrvatskoj gospodarskoj Komori.<\/p>\n<p style=\"text-align: justify;\">U slu\u010daju sudskog postupka nadle\u017ean je stvarno nadle\u017eni sud u Puli.<\/p>\n<p style=\"text-align: justify;\"><b>SIGURNOST PODATAKA POTREBNIH ZA KUPNJU<\/b><br \/>\nVa\u0161i kontaktni podaci, e-mail, telefon i mobitel te adresa, biti \u0107e kori\u0161teni isklju\u010divo u svrhe provjere i dostave Va\u0161e narud\u017ebe te u svrhu informiranja Vas kao na\u0161eg kupca o posebnim akcijama, pogodnostima te promjenama u funkcioniranju web-shopa.<\/p>\n<p style=\"text-align: justify;\"><b>JEZIK<\/b><br \/>\nNarud\u017ebe se zaprimaju na hrvatskom, talijanskom, njema\u010dkom ili engleskom jeziku.<\/p>\n<p style=\"text-align: justify;\"><b>PODR\u0160KA<\/b><br \/>\nImate li bilo kakvih pitanja ili pote\u0161ko\u0107a, slobodno nam se obratite na adresu:\u00a0<a href=\"mailto:info@marceta.hr\">info@marceta.hr<\/a><\/p>\n<\/div><div class=\"fusion-clearfix\"><\/div><\/div><\/div><div class=\"fusion-layout-column fusion_builder_column fusion-builder-column-2 fusion_builder_column_1_6 1_6 fusion-one-sixth fusion-column-last\" style=\"--awb-bg-size:cover;width:16.666666666667%;width:calc(16.666666666667% - ( ( 4% + 4% ) * 0.16666666666667 ) );\"><div class=\"fusion-column-wrapper fusion-column-has-shadow fusion-flex-column-wrapper-legacy\"><div class=\"fusion-clearfix\"><\/div><\/div><\/div><\/div><\/div>\n","protected":false},"excerpt":{"rendered":"","protected":false},"author":1,"featured_media":0,"parent":0,"menu_order":0,"comment_status":"closed","ping_status":"closed","template":"","meta":{"_acf_changed":false,"footnotes":""},"class_list":["post-9520","page","type-page","status-publish","hentry"],"acf":[],"yoast_head":"<!-- This site is optimized with the Yoast SEO plugin v26.4 - https:\/\/yoast.com\/wordpress\/plugins\/seo\/ -->\n<title>Uvjeti prodaje - Mar\u010deta<\/title>\n<meta name=\"robots\" content=\"index, follow, max-snippet:-1, max-image-preview:large, max-video-preview:-1\" \/>\n<link rel=\"canonical\" href=\"https:\/\/marceta.hr\/en\/uvjeti-prodaje\/\" \/>\n<meta property=\"og:locale\" content=\"en_US\" \/>\n<meta property=\"og:type\" content=\"article\" \/>\n<meta property=\"og:title\" content=\"Uvjeti prodaje - Mar\u010deta\" \/>\n<meta property=\"og:url\" content=\"https:\/\/marceta.hr\/en\/uvjeti-prodaje\/\" \/>\n<meta property=\"og:site_name\" content=\"Mar\u010deta\" \/>\n<meta property=\"article:modified_time\" content=\"2022-04-15T12:58:44+00:00\" \/>\n<meta name=\"twitter:card\" content=\"summary_large_image\" \/>\n<meta name=\"twitter:label1\" content=\"Est. reading time\" \/>\n\t<meta name=\"twitter:data1\" content=\"7 minutes\" \/>\n<script type=\"application\/ld+json\" class=\"yoast-schema-graph\">{\"@context\":\"https:\/\/schema.org\",\"@graph\":[{\"@type\":\"WebPage\",\"@id\":\"https:\/\/marceta.hr\/en\/uvjeti-prodaje\/\",\"url\":\"https:\/\/marceta.hr\/en\/uvjeti-prodaje\/\",\"name\":\"Uvjeti prodaje - Mar\u010deta\",\"isPartOf\":{\"@id\":\"https:\/\/marceta.hr\/en\/#website\"},\"datePublished\":\"2020-03-29T20:35:19+00:00\",\"dateModified\":\"2022-04-15T12:58:44+00:00\",\"breadcrumb\":{\"@id\":\"https:\/\/marceta.hr\/en\/uvjeti-prodaje\/#breadcrumb\"},\"inLanguage\":\"en-US\",\"potentialAction\":[{\"@type\":\"ReadAction\",\"target\":[\"https:\/\/marceta.hr\/en\/uvjeti-prodaje\/\"]}]},{\"@type\":\"BreadcrumbList\",\"@id\":\"https:\/\/marceta.hr\/en\/uvjeti-prodaje\/#breadcrumb\",\"itemListElement\":[{\"@type\":\"ListItem\",\"position\":1,\"name\":\"Po\u010detna stranica\",\"item\":\"https:\/\/marceta.hr\/en\/\"},{\"@type\":\"ListItem\",\"position\":2,\"name\":\"Uvjeti prodaje\"}]},{\"@type\":\"WebSite\",\"@id\":\"https:\/\/marceta.hr\/en\/#website\",\"url\":\"https:\/\/marceta.hr\/en\/\",\"name\":\"Mar\u010deta\",\"description\":\"vrhunska vina rakije i maslinovo ulje\",\"potentialAction\":[{\"@type\":\"SearchAction\",\"target\":{\"@type\":\"EntryPoint\",\"urlTemplate\":\"https:\/\/marceta.hr\/en\/?s={search_term_string}\"},\"query-input\":{\"@type\":\"PropertyValueSpecification\",\"valueRequired\":true,\"valueName\":\"search_term_string\"}}],\"inLanguage\":\"en-US\"}]}<\/script>\n<!-- \/ Yoast SEO plugin. -->","yoast_head_json":{"title":"Uvjeti prodaje - Mar\u010deta","robots":{"index":"index","follow":"follow","max-snippet":"max-snippet:-1","max-image-preview":"max-image-preview:large","max-video-preview":"max-video-preview:-1"},"canonical":"https:\/\/marceta.hr\/en\/uvjeti-prodaje\/","og_locale":"en_US","og_type":"article","og_title":"Uvjeti prodaje - Mar\u010deta","og_url":"https:\/\/marceta.hr\/en\/uvjeti-prodaje\/","og_site_name":"Mar\u010deta","article_modified_time":"2022-04-15T12:58:44+00:00","twitter_card":"summary_large_image","twitter_misc":{"Est. reading time":"7 minutes"},"schema":{"@context":"https:\/\/schema.org","@graph":[{"@type":"WebPage","@id":"https:\/\/marceta.hr\/en\/uvjeti-prodaje\/","url":"https:\/\/marceta.hr\/en\/uvjeti-prodaje\/","name":"Uvjeti prodaje - Mar\u010deta","isPartOf":{"@id":"https:\/\/marceta.hr\/en\/#website"},"datePublished":"2020-03-29T20:35:19+00:00","dateModified":"2022-04-15T12:58:44+00:00","breadcrumb":{"@id":"https:\/\/marceta.hr\/en\/uvjeti-prodaje\/#breadcrumb"},"inLanguage":"en-US","potentialAction":[{"@type":"ReadAction","target":["https:\/\/marceta.hr\/en\/uvjeti-prodaje\/"]}]},{"@type":"BreadcrumbList","@id":"https:\/\/marceta.hr\/en\/uvjeti-prodaje\/#breadcrumb","itemListElement":[{"@type":"ListItem","position":1,"name":"Po\u010detna stranica","item":"https:\/\/marceta.hr\/en\/"},{"@type":"ListItem","position":2,"name":"Uvjeti prodaje"}]},{"@type":"WebSite","@id":"https:\/\/marceta.hr\/en\/#website","url":"https:\/\/marceta.hr\/en\/","name":"Mar\u010deta","description":"vrhunska vina rakije i maslinovo ulje","potentialAction":[{"@type":"SearchAction","target":{"@type":"EntryPoint","urlTemplate":"https:\/\/marceta.hr\/en\/?s={search_term_string}"},"query-input":{"@type":"PropertyValueSpecification","valueRequired":true,"valueName":"search_term_string"}}],"inLanguage":"en-US"}]}},"_links":{"self":[{"href":"https:\/\/marceta.hr\/en\/wp-json\/wp\/v2\/pages\/9520","targetHints":{"allow":["GET"]}}],"collection":[{"href":"https:\/\/marceta.hr\/en\/wp-json\/wp\/v2\/pages"}],"about":[{"href":"https:\/\/marceta.hr\/en\/wp-json\/wp\/v2\/types\/page"}],"author":[{"embeddable":true,"href":"https:\/\/marceta.hr\/en\/wp-json\/wp\/v2\/users\/1"}],"replies":[{"embeddable":true,"href":"https:\/\/marceta.hr\/en\/wp-json\/wp\/v2\/comments?post=9520"}],"version-history":[{"count":8,"href":"https:\/\/marceta.hr\/en\/wp-json\/wp\/v2\/pages\/9520\/revisions"}],"predecessor-version":[{"id":9854,"href":"https:\/\/marceta.hr\/en\/wp-json\/wp\/v2\/pages\/9520\/revisions\/9854"}],"wp:attachment":[{"href":"https:\/\/marceta.hr\/en\/wp-json\/wp\/v2\/media?parent=9520"}],"curies":[{"name":"wp","href":"https:\/\/api.w.org\/{rel}","templated":true}]}}